{"id":117,"date":"2021-01-19T17:12:47","date_gmt":"2021-01-19T17:12:47","guid":{"rendered":"https:\/\/www.grupogerencial.com\/lp\/?page_id=117"},"modified":"2024-01-17T17:27:45","modified_gmt":"2024-01-17T17:27:45","slug":"revisoria-fiscal-cali","status":"publish","type":"page","link":"https:\/\/www.grupogerencial.com\/lp\/revisoria-fiscal-cali\/","title":{"rendered":"Revisor\u00eda Fiscal Cali"},"content":{"rendered":"<section class=\"wpb-content-wrapper\"><p>[vc_row content_placement=\u00bbmiddle\u00bb el_class=\u00bblanding-head\u00bb][vc_column width=\u00bb1\/3&#8243;][vc_single_image image=\u00bb13&#8243; img_size=\u00bbfull\u00bb el_class=\u00bblogo\u00bb][\/vc_column][vc_column width=\u00bb5\/12&#8243; el_class=\u00bbnumeros-cont\u00bb][\/vc_column][vc_column width=\u00bb1\/4&#8243; el_class=\u00bbnumeros-cont\u00bb][vc_row_inner el_class=\u00bbnumeros\u00bb][vc_column_inner][vc_raw_html el_class=\u00bblanding-tel\u00bb]JTNDc3Ryb25nJTNFQ2FsaSUzQyUyRnN0cm9uZyUzRSUzQ2JyJTNFJTBBJTNDYSUyMG9uY2xpY2slM0QlMjJyZXR1cm4lMjBndGFnX3JlcG9ydF9jb252ZXJzaW9uJTI4JTI3dGVsJTNBMDMyNDg5MTIyNCUyNyUyOSUzQiUyMiUyMGhyZWYlM0QlMjJ0ZWwlM0E2MDI2NTE1MTU3JTIyJTNFJTJCNTclMjA2MDIlMjA2NTElMjA1MTU3JTIwJTNDJTJGYSUzRQ==[\/vc_raw_html][\/vc_column_inner][\/vc_row_inner][\/vc_column][\/vc_row][vc_row full_width=\u00bbstretch_row_content_no_spaces\u00bb css=\u00bb.vc_custom_1582227982247{padding-top: 150px !important;padding-bottom: 150px !important;background-image: url(https:\/\/www.grupogerencial.com\/lp\/wp-content\/uploads\/2020\/02\/grupo-gerencial-movil.jpg?id=71) !important;}\u00bb el_class=\u00bbimagen-movil\u00bb][vc_column offset=\u00bbvc_hidden-lg vc_hidden-md vc_hidden-sm\u00bb][\/vc_column][\/vc_row][vc_row full_width=\u00bbstretch_row\u00bb content_placement=\u00bbmiddle\u00bb css=\u00bb.vc_custom_1582215060492{padding-top: 150px !important;padding-bottom: 150px !important;background-image: url(https:\/\/www.grupogerencial.com\/lp\/wp-content\/uploads\/2020\/02\/grupo-gerencial-header.jpg?id=21) !important;background-position: center !important;background-repeat: no-repeat !important;background-size: cover !important;}\u00bb el_class=\u00bbslide-top\u00bb][vc_column width=\u00bb5\/12&#8243;][vc_column_text el_class=\u00bbtitulo-headlines\u00bb]<\/p>\n<h1><strong>Con m\u00e1s de<\/strong> 30 a\u00f1os<br \/>\n<strong>de experiencia<\/strong><\/h1>\n<p>[\/vc_column_text][vc_column_text el_class=\u00bbtitulo-headlines fondo\u00bb]<\/p>\n<h1>Revisor\u00eda fiscal<\/h1>\n<p>[\/vc_column_text][vc_column_text el_class=\u00bbparrafo-header\u00bb]Tenemos al servicio de nuestros clientes el recurso humano competente para asesorarlos y apoyarlos en materia de revisor\u00eda fiscal, auditoria externa, implementaci\u00f3n NIIF, representaci\u00f3n legal y servicio de domiciliaci\u00f3n.[\/vc_column_text][\/vc_column][vc_column width=\u00bb1\/6&#8243;][\/vc_column][vc_column width=\u00bb5\/12&#8243;][\/vc_column][\/vc_row][vc_row el_class=\u00bbsubir-formulario\u00bb][vc_column width=\u00bb1\/2&#8243;][\/vc_column][vc_column width=\u00bb1\/2&#8243; el_id=\u00bbformulario\u00bb el_class=\u00bbcont-form\u00bb][vc_column_text css=\u00bb.vc_custom_1582224859168{background-color: #000000 !important;}\u00bb el_class=\u00bbcall-intro\u00bb]<\/p>\n<h2 style=\"text-align: center;\">CONSULTE NUESTRO SERVICIO<\/h2>\n<hr \/>\n<p style=\"text-align: center;\">D\u00e9jenos sus datos y le llamaremos inmediatamente<\/p>\n<p>[\/vc_column_text][vc_column_text el_class=\u00bbform-html\u00bb]\n<div class=\"wpcf7 no-js\" id=\"wpcf7-f80-o1\" lang=\"es-ES\" dir=\"ltr\">\n<div class=\"screen-reader-response\"><p role=\"status\" aria-live=\"polite\" aria-atomic=\"true\"><\/p> <ul><\/ul><\/div>\n<form action=\"\/lp\/wp-json\/wp\/v2\/pages\/117#wpcf7-f80-o1\" method=\"post\" class=\"wpcf7-form init\" aria-label=\"Formulario de contacto\" novalidate=\"novalidate\" data-status=\"init\">\n<div style=\"display: none;\">\n<input type=\"hidden\" name=\"_wpcf7\" value=\"80\" \/>\n<input type=\"hidden\" name=\"_wpcf7_version\" value=\"5.8.6\" \/>\n<input type=\"hidden\" name=\"_wpcf7_locale\" value=\"es_ES\" \/>\n<input type=\"hidden\" name=\"_wpcf7_unit_tag\" value=\"wpcf7-f80-o1\" \/>\n<input type=\"hidden\" name=\"_wpcf7_container_post\" value=\"0\" \/>\n<input type=\"hidden\" name=\"_wpcf7_posted_data_hash\" value=\"\" \/>\n<input type=\"hidden\" name=\"_wpcf7_recaptcha_response\" value=\"\" \/>\n<\/div>\n<div class=\"nombre\">\n\t<div class=\"icono\">\n\t\t<p><img decoding=\"async\" src=\"https:\/\/www.grupogerencial.com\/lp\/wp-content\/uploads\/2020\/02\/usuario3.svg\" \/>\n\t\t<\/p>\n\t<\/div>\n\t<p><span class=\"wpcf7-form-control-wrap\" data-name=\"your-name\"><input size=\"40\" class=\"wpcf7-form-control wpcf7-text wpcf7-validates-as-required\" aria-required=\"true\" aria-invalid=\"false\" placeholder=\"Nombre y Apellidos\" value=\"\" type=\"text\" name=\"your-name\" \/><\/span>\n\t<\/p>\n<\/div>\n<div class=\"nombre\">\n\t<div class=\"icono\">\n\t\t<p><img decoding=\"async\" src=\"https:\/\/www.grupogerencial.com\/lp\/wp-content\/uploads\/2020\/02\/email3.svg\" \/>\n\t\t<\/p>\n\t<\/div>\n\t<p><span class=\"wpcf7-form-control-wrap\" data-name=\"your-email\"><input size=\"40\" class=\"wpcf7-form-control wpcf7-email wpcf7-validates-as-required wpcf7-text wpcf7-validates-as-email\" aria-required=\"true\" aria-invalid=\"false\" placeholder=\"Correo Electr\u00f3nico\" value=\"\" type=\"email\" name=\"your-email\" \/><\/span>\n\t<\/p>\n<\/div>\n<div class=\"nombre\">\n\t<div class=\"icono\">\n\t\t<p><img decoding=\"async\" src=\"https:\/\/www.grupogerencial.com\/lp\/wp-content\/uploads\/2020\/02\/telefono3.svg\" \/>\n\t\t<\/p>\n\t<\/div>\n\t<p><span class=\"wpcf7-form-control-wrap\" data-name=\"telefono\"><input size=\"40\" class=\"wpcf7-form-control wpcf7-tel wpcf7-validates-as-required wpcf7-text wpcf7-validates-as-tel\" aria-required=\"true\" aria-invalid=\"false\" placeholder=\"Tel\u00e9fono\" value=\"\" type=\"tel\" name=\"telefono\" \/><\/span>\n\t<\/p>\n<\/div>\n<div class=\"nombre\">\n\t<div class=\"icono\">\n\t\t<p><img decoding=\"async\" src=\"https:\/\/www.grupogerencial.com\/lp\/wp-content\/uploads\/2020\/02\/building.svg\" \/>\n\t\t<\/p>\n\t<\/div>\n\t<p><span class=\"wpcf7-form-control-wrap\" data-name=\"empresa\"><input size=\"40\" class=\"wpcf7-form-control wpcf7-text wpcf7-validates-as-required\" aria-required=\"true\" aria-invalid=\"false\" placeholder=\"Empresa\" value=\"\" type=\"text\" name=\"empresa\" \/><\/span>\n\t<\/p>\n<\/div>\n<div class=\"aceptar\">\n\t<p><span class=\"wpcf7-form-control-wrap\" data-name=\"aceptar\"><span class=\"wpcf7-form-control wpcf7-acceptance\"><span class=\"wpcf7-list-item\"><label><input type=\"checkbox\" name=\"aceptar\" value=\"1\" checked=\"checked\" aria-invalid=\"false\" \/><span class=\"wpcf7-list-item-label\">He le\u00eddo y estoy de acuerdo con la <a href=\"#\">pol\u00edtica de privacidad<\/a><\/span><\/label><\/span><\/span><\/span>\n\t<\/p>\n<\/div>\n<p><input class=\"wpcf7-form-control wpcf7-submit has-spinner\" type=\"submit\" value=\"Consulte Aqu\u00ed\" \/>\n<\/p><div class=\"wpcf7-response-output\" aria-hidden=\"true\"><\/div>\n<\/form>\n<\/div>\n[\/vc_column_text][\/vc_column][\/vc_row][vc_row css=\u00bb.vc_custom_1582207354274{background-position: 0 0 !important;background-repeat: repeat !important;}\u00bb][vc_column][vc_column_text el_class=\u00bbtitulos\u00bb]<\/p>\n<h2>\u00bfPor qu\u00e9 elegirnos?<\/h2>\n<p>[\/vc_column_text][vc_column_text]Nuestro equipo gerencial especialista en consultor\u00eda les permite a los clientes concentrarse en el crecimiento del mercado, de tal manera que conf\u00edan en el cumplimiento del marco legal, los objetivos de la revisor\u00eda fiscal y la evaluaci\u00f3n del control interno realizado por nuestros expertos.[\/vc_column_text][\/vc_column][\/vc_row][vc_row css=\u00bb.vc_custom_1582213986071{padding-bottom: 80px !important;background-position: center !important;background-repeat: no-repeat !important;background-size: cover !important;}\u00bb][vc_column][vc_row_inner el_class=\u00bb.contenedor\u00bb][vc_column_inner el_class=\u00bbelegirnos\u00bb width=\u00bb1\/3&#8243;][vc_column_text]<img loading=\"lazy\" decoding=\"async\" class=\"alignnone size-medium wp-image-25\" role=\"img\" src=\"https:\/\/www.grupogerencial.com\/lp\/wp-content\/uploads\/2020\/02\/calidad.svg\" alt=\"\" width=\"300\" height=\"300\" srcset=\"https:\/\/www.grupogerencial.com\/lp\/wp-content\/uploads\/\/2020\/02\/calidad.svg 150w, https:\/\/www.grupogerencial.com\/lp\/wp-content\/uploads\/\/2020\/02\/calidad.svg 300w, https:\/\/www.grupogerencial.com\/lp\/wp-content\/uploads\/\/2020\/02\/calidad.svg 1024w, https:\/\/www.grupogerencial.com\/lp\/wp-content\/uploads\/\/2020\/02\/calidad.svg 1536w, https:\/\/www.grupogerencial.com\/lp\/wp-content\/uploads\/\/2020\/02\/calidad.svg 2048w\" sizes=\"(max-width: 300px) 100vw, 300px\" \/>[\/vc_column_text][vc_column_text el_class=\u00bbbeneficios\u00bb]<\/p>\n<h3>Calidad<\/h3>\n<p>Nuestro equipo de profesionales est\u00e1 capacitado para ofrecerle soluciones y asesor\u00edas contables de forma integral, todo en pro del crecimiento de su empresa y de la correcta gesti\u00f3n de sus procesos financieros.[\/vc_column_text][\/vc_column_inner][vc_column_inner el_class=\u00bbelegirnos\u00bb width=\u00bb1\/3&#8243;][vc_column_text]<img loading=\"lazy\" decoding=\"async\" class=\"alignnone size-medium wp-image-24\" role=\"img\" src=\"https:\/\/www.grupogerencial.com\/lp\/wp-content\/uploads\/2020\/02\/confiabilidad.svg\" alt=\"\" width=\"300\" height=\"300\" srcset=\"https:\/\/www.grupogerencial.com\/lp\/wp-content\/uploads\/\/2020\/02\/confiabilidad.svg 150w, https:\/\/www.grupogerencial.com\/lp\/wp-content\/uploads\/\/2020\/02\/confiabilidad.svg 300w, https:\/\/www.grupogerencial.com\/lp\/wp-content\/uploads\/\/2020\/02\/confiabilidad.svg 1024w, https:\/\/www.grupogerencial.com\/lp\/wp-content\/uploads\/\/2020\/02\/confiabilidad.svg 1536w, https:\/\/www.grupogerencial.com\/lp\/wp-content\/uploads\/\/2020\/02\/confiabilidad.svg 2048w\" sizes=\"(max-width: 300px) 100vw, 300px\" \/>[\/vc_column_text][vc_column_text el_class=\u00bbbeneficios\u00bb]<\/p>\n<h3>Confiabilidad<\/h3>\n<p>Optimizamos los procesos financieros, identificamos puntos de mejora y nos enfocamos en ofrecer los mejores resultados para la empresa, todo de manera \u00e9tica, transparente y segura.[\/vc_column_text][\/vc_column_inner][vc_column_inner el_class=\u00bbelegirnos\u00bb width=\u00bb1\/3&#8243;][vc_column_text]<img loading=\"lazy\" decoding=\"async\" class=\"alignnone size-medium wp-image-23\" role=\"img\" src=\"https:\/\/www.grupogerencial.com\/lp\/wp-content\/uploads\/2020\/02\/experiencia.svg\" alt=\"\" width=\"300\" height=\"300\" srcset=\"https:\/\/www.grupogerencial.com\/lp\/wp-content\/uploads\/\/2020\/02\/experiencia.svg 150w, https:\/\/www.grupogerencial.com\/lp\/wp-content\/uploads\/\/2020\/02\/experiencia.svg 300w, https:\/\/www.grupogerencial.com\/lp\/wp-content\/uploads\/\/2020\/02\/experiencia.svg 1024w, https:\/\/www.grupogerencial.com\/lp\/wp-content\/uploads\/\/2020\/02\/experiencia.svg 1536w, https:\/\/www.grupogerencial.com\/lp\/wp-content\/uploads\/\/2020\/02\/experiencia.svg 2048w\" sizes=\"(max-width: 300px) 100vw, 300px\" \/>[\/vc_column_text][vc_column_text el_class=\u00bbbeneficios\u00bb]<\/p>\n<h3>Experiencia<\/h3>\n<p>Contamos con las habilidades profesionales para gestionar y encaminar de forma correcta sus intereses empresariales, siempre conforme a las normativas vigentes, las necesidades de la empresa y sus finanzas.[\/vc_column_text][\/vc_column_inner][\/vc_row_inner][\/vc_column][\/vc_row][vc_row full_width=\u00bbstretch_row\u00bb css=\u00bb.vc_custom_1580398822382{background-position: center !important;background-repeat: no-repeat !important;background-size: cover !important;}\u00bb el_class=\u00bbbarra-destacada\u00bb][vc_column][vc_row_inner content_placement=\u00bbmiddle\u00bb][vc_column_inner width=\u00bb1\/4&#8243;][vc_single_image image=\u00bb13&#8243; img_size=\u00bb\u00bb][\/vc_column_inner][vc_column_inner width=\u00bb3\/4&#8243;][vc_column_text el_class=\u00bb.refuerzo\u00bb]<\/p>\n<h3>El mejor equipo en consultor\u00eda y BPO para su empresa.<\/h3>\n<p>[\/vc_column_text][\/vc_column_inner][\/vc_row_inner][\/vc_column][\/vc_row][vc_row full_width=\u00bbstretch_row\u00bb css=\u00bb.vc_custom_1580748886912{padding-bottom: 30px !important;background-color: #f4f4f4 !important;}\u00bb el_class=\u00bbcont-preguntas\u00bb][vc_column width=\u00bb1\/2&#8243;][vc_column_text el_class=\u00bbtitulos\u00bb]<\/p>\n<h2>Preguntas Frecuentes<\/h2>\n<p>[\/vc_column_text][vc_column_text]La revisor\u00eda fiscal es uno de los principales instrumentos que permite la inspecci\u00f3n y vigilancia de las sociedades mercantiles, de igual modo vela por el cumplimiento normativo de los estatutos sociales y de las decisiones de los \u00f3rganos de administraci\u00f3n.[\/vc_column_text][vc_column_text el_class=\u00bbpregunta\u00bb]<\/p>\n<h4>\u00bfQu\u00e9 es una Revisor\u00eda Fiscal?<\/h4>\n<p>Es un tipo de revisor\u00eda externa que exige la ley para ciertas empresas y que est\u00e1 dise\u00f1ada para lograr dos objetivos centrales: Proporcionar un m\u00e9todo para que los accionistas e inversionistas controlen c\u00f3mo se est\u00e1 administrando la compa\u00f1\u00eda; y proporcionar al Gobierno una cuenta precisa de las actividades de la empresa para el c\u00e1lculo de impuestos.[\/vc_column_text][vc_column_text el_class=\u00bbpregunta\u00bb]<\/p>\n<h4>\u00bfDe qu\u00e9 se encarga un revisor fiscal?<\/h4>\n<p>El objetivo de un revisor fiscal se centra en brindar la m\u00e1s completa representaci\u00f3n del estado integral de la empresa; por lo que sus revisor\u00edas deben abarcar todos los aspectos empresariales como lo son las finanzas, operaciones y gestiones.[\/vc_column_text][vc_column_text el_class=\u00bbpregunta\u00bb]<\/p>\n<h4>\u00bfPor qu\u00e9 es importante el revisor fiscal?<\/h4>\n<p>Los revisores fiscales son relevantes en las empresas gracias a que brindan un juicio imparcial e independiente de la compa\u00f1\u00eda desde la perspectiva de alguien ajeno a ella, esto garantiza la neutralidad de la informaci\u00f3n presentada. Lo anterior permite la protecci\u00f3n de los intereses de los accionistas y garantiza que la empresa cumpla con sus deberes legales y fiscales.[\/vc_column_text][vc_column_text el_class=\u00bbpregunta\u00bb]<\/p>\n<h4>\u00bfQu\u00e9 empresas est\u00e1n obligadas a contratar un revisor fiscal?<\/h4>\n<p>Seg\u00fan las leyes colombianas, existen tres tipos espec\u00edficos de empresas que deben contar con un revisor fiscal, estas son: Compa\u00f1\u00edas que cotizan en bolsa, Sucursales de empresas extranjeras en Colombia, Compa\u00f1\u00edas con cualquier n\u00famero de accionistas que posean combinado un 20% o m\u00e1s del capital total de la empresa y que no formen parte del equipo directivo de la misma.[\/vc_column_text][\/vc_column][vc_column width=\u00bb1\/2&#8243; el_class=\u00bblogo\u00bb][vc_single_image image=\u00bb37&#8243; img_size=\u00bbfull\u00bb alignment=\u00bbcenter\u00bb el_class=\u00bbimg-destacada\u00bb][vc_row_inner el_class=\u00bbbotones-form\u00bb][vc_column_inner][vc_column_text el_class=\u00bbbtn-naranja smooth\u00bb]<\/p>\n<p style=\"text-align: center;\"><a href=\"#formulario\">Agenda tu Cita<\/a><\/p>\n<p>[\/vc_column_text][\/vc_column_inner][\/vc_row_inner][vc_empty_space][\/vc_column][\/vc_row][vc_row full_width=\u00bbstretch_row\u00bb el_class=\u00bbbarra-destacada\u00bb][vc_column][vc_column_text el_class=\u00bbquote\u00bb]<\/p>\n<p style=\"text-align: center;\">Asesoramos a las compa\u00f1\u00edas en su proceso de creaci\u00f3n y constituci\u00f3n, a su vez en el cumplimiento del marco legal desde el inicio de sus operaciones y durante el desarrollo de su objeto social, no obstante y en el evento de ser necesario, asesoramos en su proceso de liquidaci\u00f3n.<\/p>\n<p>[\/vc_column_text][\/vc_column][\/vc_row][vc_row el_class=\u00bb.contenedor\u00bb css=\u00bb.vc_custom_1582229796930{padding-bottom: 50px !important;background-position: 0 0 !important;background-repeat: repeat !important;}\u00bb][vc_column][vc_row_inner][vc_column_inner el_class=\u00bbservicios\u00bb][vc_column_text el_class=\u00bbtitulos\u00bb]<\/p>\n<h2 style=\"text-align: left;\">Otros servicios&#8230;<\/h2>\n<hr \/>\n<p>[\/vc_column_text][\/vc_column_inner][\/vc_row_inner][vc_row_inner el_class=\u00bbotros-serv\u00bb][vc_column_inner width=\u00bb1\/3&#8243;][vc_single_image image=\u00bb49&#8243; img_size=\u00bbmedium\u00bb style=\u00bbvc_box_shadow_circle_2&#8243;][vc_text_separator title=\u00bbAuditor\u00eda externa\u00bb i_icon_fontawesome=\u00bbfas fa-caret-right\u00bb i_color=\u00bbcustom\u00bb i_size=\u00bblg\u00bb title_align=\u00bbseparator_align_left\u00bb add_icon=\u00bbtrue\u00bb i_custom_color=\u00bb#ae8f56&#8243; el_class=\u00bb.clases-servicios\u00bb][vc_column_text]Evaluamos el sistema de control interno de las organizaciones, con el objetivo de generar un mapa de riesgos y emitir recomendaciones que puedan minimizar el fraude.[\/vc_column_text][\/vc_column_inner][vc_column_inner width=\u00bb1\/3&#8243;][vc_single_image image=\u00bb51&#8243; img_size=\u00bbmedium\u00bb style=\u00bbvc_box_shadow_circle_2&#8243;][vc_text_separator title=\u00bbRepresentaci\u00f3n legal y domiciliaci\u00f3n\u00bb i_icon_fontawesome=\u00bbfas fa-caret-right\u00bb i_color=\u00bbcustom\u00bb i_size=\u00bblg\u00bb title_align=\u00bbseparator_align_left\u00bb add_icon=\u00bbtrue\u00bb i_custom_color=\u00bb#ae8f56&#8243; el_class=\u00bb.clases-servicios\u00bb][vc_column_text]Gestionamos todas las actividades operativas y dem\u00e1s actos que deban realizar nuestros clientes frente a terceros, en temas de representaci\u00f3n legal y de revisor fiscal.[\/vc_column_text][\/vc_column_inner][vc_column_inner width=\u00bb1\/3&#8243;][vc_single_image image=\u00bb50&#8243; img_size=\u00bbmedium\u00bb style=\u00bbvc_box_shadow_circle_2&#8243;][vc_text_separator title=\u00bbProcesos empresa\u00bb i_icon_fontawesome=\u00bbfas fa-caret-right\u00bb i_color=\u00bbcustom\u00bb i_size=\u00bblg\u00bb title_align=\u00bbseparator_align_left\u00bb add_icon=\u00bbtrue\u00bb i_custom_color=\u00bb#ae8f56&#8243; el_class=\u00bb.clases-servicios\u00bb][vc_column_text]Apoyamos y asesoramos a nuestros clientes en la elaboraci\u00f3n de estatutos y procesos de constituci\u00f3n o liquidaci\u00f3n de las sociedades ante los organismos de control y vigilancia del estado.[\/vc_column_text][\/vc_column_inner][\/vc_row_inner][\/vc_column][\/vc_row][vc_row full_width=\u00bbstretch_row\u00bb css=\u00bb.vc_custom_1580416034512{padding-bottom: 50px !important;background-color: #f4f4f4 !important;}\u00bb el_class=\u00bbdescuento\u00bb][vc_column][vc_column_text el_class=\u00bbbeneficios smooth\u00bb]<\/p>\n<h3 style=\"text-align: center;\"><strong>AGENDA TU CITA AQU\u00cd<\/strong><\/h3>\n<p style=\"text-align: center;\"><a href=\"#formulario\"><strong>Agendar Cita<\/strong><\/a><\/p>\n<p>[\/vc_column_text][\/vc_column][\/vc_row]<\/p>\n<\/section>","protected":false},"excerpt":{"rendered":"<p>[vc_row content_placement=\u00bbmiddle\u00bb el_class=\u00bblanding-head\u00bb][vc_column width=\u00bb1\/3&#8243;][vc_single_image image=\u00bb13&#8243; img_size=\u00bbfull\u00bb el_class=\u00bblogo\u00bb][\/vc_column][vc_column width=\u00bb5\/12&#8243; el_class=\u00bbnumeros-cont\u00bb][\/vc_column][vc_column width=\u00bb1\/4&#8243; el_class=\u00bbnumeros-cont\u00bb][vc_row_inner el_class=\u00bbnumeros\u00bb][vc_column_inner][vc_raw_html el_class=\u00bblanding-tel\u00bb]JTNDc3Ryb25nJTNFQ2FsaSUzQyUyRnN0cm9uZyUzRSUzQ2JyJTNFJTBBJTNDYSUyMG9uY2xpY2slM0QlMjJyZXR1cm4lMjBndGFnX3JlcG9ydF9jb252ZXJzaW9uJTI4JTI3dGVsJTNBMDMyNDg5MTIyNCUyNyUyOSUzQiUyMiUyMGhyZWYlM0QlMjJ0ZWwlM0E2MDI2NTE1MTU3JTIyJTNFJTJCNTclMjA2MDIlMjA2NTElMjA1MTU3JTIwJTNDJTJGYSUzRQ==[\/vc_raw_html][\/vc_column_inner][\/vc_row_inner][\/vc_column][\/vc_row][vc_row full_width=\u00bbstretch_row_content_no_spaces\u00bb css=\u00bb.vc_custom_1582227982247{padding-top: 150px !important;padding-bottom: 150px !important;background-image: url(https:\/\/www.grupogerencial.com\/lp\/wp-content\/uploads\/2020\/02\/grupo-gerencial-movil.jpg?id=71) !important;}\u00bb el_class=\u00bbimagen-movil\u00bb][vc_column offset=\u00bbvc_hidden-lg vc_hidden-md vc_hidden-sm\u00bb][\/vc_column][\/vc_row][vc_row full_width=\u00bbstretch_row\u00bb content_placement=\u00bbmiddle\u00bb css=\u00bb.vc_custom_1582215060492{padding-top: 150px !important;padding-bottom: 150px !important;background-image: url(https:\/\/www.grupogerencial.com\/lp\/wp-content\/uploads\/2020\/02\/grupo-gerencial-header.jpg?id=21) !important;background-position: center !important;background-repeat: no-repeat !important;background-size: cover !important;}\u00bb el_class=\u00bbslide-top\u00bb][vc_column width=\u00bb5\/12&#8243;][vc_column_text el_class=\u00bbtitulo-headlines\u00bb] Con m\u00e1s de 30 a\u00f1os de experiencia [\/vc_column_text][vc_column_text el_class=\u00bbtitulo-headlines fondo\u00bb] Revisor\u00eda fiscal [&hellip;]<\/p>\n","protected":false},"author":2,"featured_media":0,"parent":0,"menu_order":0,"comment_status":"closed","ping_status":"closed","template":"","meta":{"footnotes":"","_joinchat":[]},"aioseo_notices":[],"_links":{"self":[{"href":"https:\/\/www.grupogerencial.com\/lp\/wp-json\/wp\/v2\/pages\/117"}],"collection":[{"href":"https:\/\/www.grupogerencial.com\/lp\/wp-json\/wp\/v2\/pages"}],"about":[{"href":"https:\/\/www.grupogerencial.com\/lp\/wp-json\/wp\/v2\/types\/page"}],"author":[{"embeddable":true,"href":"https:\/\/www.grupogerencial.com\/lp\/wp-json\/wp\/v2\/users\/2"}],"replies":[{"embeddable":true,"href":"https:\/\/www.grupogerencial.com\/lp\/wp-json\/wp\/v2\/comments?post=117"}],"version-history":[{"count":7,"href":"https:\/\/www.grupogerencial.com\/lp\/wp-json\/wp\/v2\/pages\/117\/revisions"}],"predecessor-version":[{"id":148,"href":"https:\/\/www.grupogerencial.com\/lp\/wp-json\/wp\/v2\/pages\/117\/revisions\/148"}],"wp:attachment":[{"href":"https:\/\/www.grupogerencial.com\/lp\/wp-json\/wp\/v2\/media?parent=117"}],"curies":[{"name":"wp","href":"https:\/\/api.w.org\/{rel}","templated":true}]}}